{"id":12,"date":"2023-03-01T23:50:32","date_gmt":"2023-03-01T22:50:32","guid":{"rendered":"http:\/\/ibf-immobiliere.com\/?page_id=12"},"modified":"2023-03-02T11:07:25","modified_gmt":"2023-03-02T10:07:25","slug":"about","status":"publish","type":"page","link":"https:\/\/ibf-immobiliere.com\/?page_id=12","title":{"rendered":"\u00c0 propos de nous"},"content":{"rendered":"\n<p>Soci\u00e9t\u00e9 Immobili\u00e8re Bedhief Fr\u00e8res: Promoteur Immobilier en Tunisie.<\/p>\n\n\n\n<ul>\n<li>location : Rue de th\u00e9\u00e2tre arch\u00e9ologique R\u00e9sidence FEIZA les Jardins de Tunis , Tunis, Tunisia<\/li>\n\n\n\n<li><img decoding=\"async\" loading=\"lazy\" width=\"16\" height=\"16\" src=\"https:\/\/static.xx.fbcdn.net\/images\/emoji.php\/v9\/ta6\/1.5\/16\/1f4de.png\" alt=\"\ud83d\udcde\"> T\u00e9l et WhatsApp : +216 29.035.235<\/li>\n\n\n\n<li>Facebook : https:\/\/www.facebook.com\/IBFimmobiliereIBF<\/li>\n<\/ul>\n\n\n\n<pre class=\"wp-block-code\"><code><iframe src=\"https:\/\/www.google.com\/maps\/embed?pb=!1m18!1m12!1m3!1d2218.108606785154!2d10.076862083647981!3d36.78344598165478!2m3!1f0!2f0!3f0!3m2!1i1024!2i768!4f13.1!3m3!1m2!1s0x12fd2e0070d4cfa3%3A0xf063170181836a2a!2sR%C3%A9sidence%20Feiza!5e0!3m2!1sfr!2stn!4v1677751434830!5m2!1sfr!2stn\" width=\"600\" height=\"450\" style=\"border:0;\" allowfullscreen=\"\" loading=\"lazy\" referrerpolicy=\"no-referrer-when-downgrade\"><\/iframe><\/code><\/pre>\n\n\n\n<div class=\"is-layout-constrained wp-block-group\"><div class=\"wp-block-group__inner-container\"><\/div><\/div>\n\n\n<nav class=\"is-layout-flex is-responsive wp-block-navigation\" aria-label=\"\"><button aria-haspopup=\"true\" aria-label=\"Open menu\" class=\"wp-block-navigation__responsive-container-open \" data-micromodal-trigger=\"modal-2\"><svg width=\"24\" height=\"24\" xmlns=\"http:\/\/www.w3.org\/2000\/svg\" viewBox=\"0 0 24 24\" aria-hidden=\"true\" focusable=\"false\"><rect x=\"4\" y=\"7.5\" width=\"16\" height=\"1.5\" \/><rect x=\"4\" y=\"15\" width=\"16\" height=\"1.5\" \/><\/svg><\/button>\n\t\t\t<div class=\"wp-block-navigation__responsive-container  \" style=\"\" id=\"modal-2\">\n\t\t\t\t<div class=\"wp-block-navigation__responsive-close\" tabindex=\"-1\" data-micromodal-close>\n\t\t\t\t\t<div class=\"wp-block-navigation__responsive-dialog\" aria-label=\"Menu\">\n\t\t\t\t\t\t\t<button aria-label=\"Close menu\" data-micromodal-close class=\"wp-block-navigation__responsive-container-close\"><svg xmlns=\"http:\/\/www.w3.org\/2000\/svg\" viewBox=\"0 0 24 24\" width=\"24\" height=\"24\" aria-hidden=\"true\" focusable=\"false\"><path d=\"M13 11.8l6.1-6.3-1-1-6.1 6.2-6.1-6.2-1 1 6.1 6.3-6.5 6.7 1 1 6.5-6.6 6.5 6.6 1-1z\"><\/path><\/svg><\/button>\n\t\t\t\t\t\t<div class=\"wp-block-navigation__responsive-container-content\" id=\"modal-2-content\">\n\t\t\t\t\t\t\t<ul class=\"wp-block-page-list\"><li class=\"wp-block-pages-list__item current-menu-item wp-block-navigation-item open-on-hover-click\"><a class=\"wp-block-pages-list__item__link wp-block-navigation-item__content\" href=\"https:\/\/ibf-immobiliere.com\/?page_id=12\" aria-current=\"page\">\u00c0 propos de nous<\/a><\/li><li class=\"wp-block-pages-list__item wp-block-navigation-item open-on-hover-click\"><a class=\"wp-block-pages-list__item__link wp-block-navigation-item__content\" href=\"https:\/\/ibf-immobiliere.com\/?page_id=13\">Contact<\/a><\/li><li class=\"wp-block-pages-list__item wp-block-navigation-item open-on-hover-click\"><a class=\"wp-block-pages-list__item__link wp-block-navigation-item__content\" href=\"https:\/\/ibf-immobiliere.com\/?page_id=2\">Page d\u2019exemple<\/a><\/li><\/ul>\n\t\t\t\t\t\t<\/div>\n\t\t\t\t\t<\/div>\n\t\t\t\t<\/div>\n\t\t\t<\/div><\/nav>","protected":false},"excerpt":{"rendered":"<p>Soci\u00e9t\u00e9 Immobili\u00e8re Bedhief Fr\u00e8res: Promoteur Immobilier en Tunisie.<\/p>\n","protected":false},"author":1,"featured_media":0,"parent":0,"menu_order":0,"comment_status":"closed","ping_status":"closed","template":"","meta":[],"_links":{"self":[{"href":"https:\/\/ibf-immobiliere.com\/index.php?rest_route=\/wp\/v2\/pages\/12"}],"collection":[{"href":"https:\/\/ibf-immobiliere.com\/index.php?rest_route=\/wp\/v2\/pages"}],"about":[{"href":"https:\/\/ibf-immobiliere.com\/index.php?rest_route=\/wp\/v2\/types\/page"}],"author":[{"embeddable":true,"href":"https:\/\/ibf-immobiliere.com\/index.php?rest_route=\/wp\/v2\/users\/1"}],"replies":[{"embeddable":true,"href":"https:\/\/ibf-immobiliere.com\/index.php?rest_route=%2Fwp%2Fv2%2Fcomments&post=12"}],"version-history":[{"count":3,"href":"https:\/\/ibf-immobiliere.com\/index.php?rest_route=\/wp\/v2\/pages\/12\/revisions"}],"predecessor-version":[{"id":106,"href":"https:\/\/ibf-immobiliere.com\/index.php?rest_route=\/wp\/v2\/pages\/12\/revisions\/106"}],"wp:attachment":[{"href":"https:\/\/ibf-immobiliere.com\/index.php?rest_route=%2Fwp%2Fv2%2Fmedia&parent=12"}],"curies":[{"name":"wp","href":"https:\/\/api.w.org\/{rel}","templated":true}]}}